{"id":96,"date":"2022-03-31T13:18:05","date_gmt":"2022-03-31T11:18:05","guid":{"rendered":"http:\/\/psychologueorvault.fr\/?page_id=96"},"modified":"2022-09-02T16:52:51","modified_gmt":"2022-09-02T14:52:51","slug":"methodes","status":"publish","type":"page","link":"https:\/\/psychologueorvault.fr\/?page_id=96","title":{"rendered":"M\u00e9thodes"},"content":{"rendered":"\n<div class=\"wp-block-columns is-layout-flex wp-container-core-columns-is-layout-9d6595d7 wp-block-columns-is-layout-flex\">\n<div class=\"wp-block-column is-layout-flow wp-block-column-is-layout-flow\" style=\"flex-basis:50%\">\n<div class=\"wp-block-columns is-layout-flex wp-container-core-columns-is-layout-9d6595d7 wp-block-columns-is-layout-flex\">\n<div class=\"wp-block-column is-layout-flow wp-block-column-is-layout-flow\" style=\"flex-basis:100%\">\n<p class=\"has-vivid-cyan-blue-color has-text-color has-large-font-size\">L&#8217;hypnose<\/p>\n\n\n\n<p>L&#8217;\u00e9tat de transe hypnotique est une activit\u00e9 naturelle du cerveau, dans laquelle il bascule plusieurs fois par jour. Au cours des trente derni\u00e8res ann\u00e9es, les recherches en neurosciences se sont pench\u00e9es sur les capacit\u00e9s d&#8217;imagination du cerveau. En \u00e9tat de transe (en sommeil ou en hypnose), celui-ci trouve des ressources pour accro\u00eetre ses capacit\u00e9s d&#8217;adaptation, ou encore trier les informations accumul\u00e9es pour permettre une meilleure stabilit\u00e9 \u00e9motionnelle. <\/p>\n\n\n\n<p>Au cours de notre travail, <strong>je vous accompagne dans votre propre auto-hypnose<\/strong>. Parfois, quand on parle d\u2019hypnose on imagine perdre pied, ne plus contr\u00f4ler pour vivre un moment qui serait diff\u00e9rent. Si cela suscite parfois l&#8217;inqui\u00e9tude, rassurez-vous, il y a des hypnoses o\u00f9 l\u2019on garde bien le contr\u00f4le, une autre forme de contr\u00f4le. Vous proposer ce temps pour vous, c&#8217;est vous permettre, autant que possible, de vous aider \u00e0 acqu\u00e9rir un meilleur contr\u00f4le de vos \u00e9motions et a retrouver la s\u00e9r\u00e9nit\u00e9 dans votre esprit. <\/p>\n<\/div>\n<\/div>\n<\/div>\n\n\n\n<div class=\"wp-block-column is-vertically-aligned-center is-layout-flow wp-block-column-is-layout-flow\" style=\"flex-basis:50%\">\n<figure class=\"wp-block-image size-large is-style-rounded\"><img loading=\"lazy\" decoding=\"async\" width=\"1024\" height=\"683\" src=\"https:\/\/psychologueorvault.fr\/wp-content\/uploads\/2022\/03\/person-g1d0521a33_1920-1024x683.jpg\" alt=\"\" class=\"wp-image-98\" srcset=\"https:\/\/psychologueorvault.fr\/wp-content\/uploads\/2022\/03\/person-g1d0521a33_1920-1024x683.jpg 1024w, https:\/\/psychologueorvault.fr\/wp-content\/uploads\/2022\/03\/person-g1d0521a33_1920-300x200.jpg 300w, https:\/\/psychologueorvault.fr\/wp-content\/uploads\/2022\/03\/person-g1d0521a33_1920-768x512.jpg 768w, https:\/\/psychologueorvault.fr\/wp-content\/uploads\/2022\/03\/person-g1d0521a33_1920-1536x1025.jpg 1536w, https:\/\/psychologueorvault.fr\/wp-content\/uploads\/2022\/03\/person-g1d0521a33_1920.jpg 1920w\" sizes=\"auto, (max-width: 1024px) 100vw, 1024px\" \/><\/figure>\n<\/div>\n<\/div>\n\n\n\n<div class=\"wp-block-columns is-layout-flex wp-container-core-columns-is-layout-9d6595d7 wp-block-columns-is-layout-flex\">\n<div class=\"wp-block-column is-vertically-aligned-center is-layout-flow wp-block-column-is-layout-flow\" style=\"flex-basis:50%\">\n<figure class=\"wp-block-image size-large is-style-rounded\"><img loading=\"lazy\" decoding=\"async\" width=\"1024\" height=\"683\" src=\"https:\/\/psychologueorvault.fr\/wp-content\/uploads\/2022\/03\/advice-g33c0ef567_1920-1024x683.jpg\" alt=\"\" class=\"wp-image-99\" srcset=\"https:\/\/psychologueorvault.fr\/wp-content\/uploads\/2022\/03\/advice-g33c0ef567_1920-1024x683.jpg 1024w, https:\/\/psychologueorvault.fr\/wp-content\/uploads\/2022\/03\/advice-g33c0ef567_1920-300x200.jpg 300w, https:\/\/psychologueorvault.fr\/wp-content\/uploads\/2022\/03\/advice-g33c0ef567_1920-768x512.jpg 768w, https:\/\/psychologueorvault.fr\/wp-content\/uploads\/2022\/03\/advice-g33c0ef567_1920-1536x1024.jpg 1536w, https:\/\/psychologueorvault.fr\/wp-content\/uploads\/2022\/03\/advice-g33c0ef567_1920.jpg 1920w\" sizes=\"auto, (max-width: 1024px) 100vw, 1024px\" \/><\/figure>\n<\/div>\n\n\n\n<div class=\"wp-block-column is-layout-flow wp-block-column-is-layout-flow\" style=\"flex-basis:50%\">\n<p class=\"has-vivid-cyan-blue-color has-text-color has-large-font-size\">Les th\u00e9rapies br\u00e8ves<\/p>\n\n\n\n<p>Les th\u00e9rapies br\u00e8ves, qu&#8217;elles soient issues de l&#8217;\u00e9cole de Palo Alto, de la programmation neurolinguistique, solutionnistes, strat\u00e9giques, narratives &#8230; se mettent au service du patient, et \u00e9ventuellement sa famille, pour r\u00e9pondre aux diff\u00e9rentes demandes.<\/p>\n\n\n\n<p>Les th\u00e9rapies br\u00e8ves ne sont pas forc\u00e9ment courtes, elles durent le temps que le patient en ressent le besoin. Leur sp\u00e9cificit\u00e9 est d&#8217;\u00eatre centr\u00e9es sur le pr\u00e9sent, le corps et les \u00e9motions. Il est possible, si c&#8217;est le souhait du patient, de ne pas s&#8217;attarder sur la compr\u00e9hension, ni le d\u00e9tail du probl\u00e8me sur ce type de th\u00e9rapie, en privil\u00e9giant l&#8217;exploration des solutions et le passage \u00e0 l&#8217;action.<\/p>\n<\/div>\n<\/div>\n\n\n\n<div class=\"wp-block-columns is-layout-flex wp-container-core-columns-is-layout-9d6595d7 wp-block-columns-is-layout-flex\">\n<div class=\"wp-block-column is-layout-flow wp-block-column-is-layout-flow\" style=\"flex-basis:50%\">\n<p class=\"has-vivid-cyan-blue-color has-text-color has-large-font-size\">Les groupes<\/p>\n\n\n\n<p>Afin de proposer une offre de soin la plus accessible possible, des groupes th\u00e9rapeutiques sont propos\u00e9s pour certaines prises en charge. <\/p>\n\n\n\n<p>Le cabinet propose un groupe d&#8217;habilet\u00e9s sociales pour les patients pr\u00e9sentant des difficult\u00e9s dans ces domaines (TSA, TDAH, neuroatypies ou assimil\u00e9s&#8230;). Les m\u00e9thodes de soins qui sont propos\u00e9es au sein de ces groupes m\u00e8lent les apports des th\u00e9rapies br\u00e8ves (th\u00e9rapie narrative, th\u00e9rapie orient\u00e9e solution&#8230;) et de programmes de rem\u00e9diation cognitive ayant re\u00e7u des validations scientifiques.<\/p>\n\n\n\n<p><strong>Attention<\/strong>, au moins une rencontre individuelle est n\u00e9cessaire pour vous permettre l&#8217;acc\u00e8s \u00e0 ces groupes afin de d\u00e9terminer avec vous des objectifs individuels sur ces espaces. Vous pouvez me contacter directement pour plus de renseignements.<\/p>\n<\/div>\n\n\n\n<div class=\"wp-block-column is-vertically-aligned-center is-layout-flow wp-block-column-is-layout-flow\" style=\"flex-basis:50%\">\n<figure class=\"wp-block-image size-large is-style-rounded\"><img loading=\"lazy\" decoding=\"async\" width=\"1024\" height=\"683\" src=\"https:\/\/psychologueorvault.fr\/wp-content\/uploads\/2022\/03\/chairs-g62c0dd82e_1920-1024x683.jpg\" alt=\"\" class=\"wp-image-100\" srcset=\"https:\/\/psychologueorvault.fr\/wp-content\/uploads\/2022\/03\/chairs-g62c0dd82e_1920-1024x683.jpg 1024w, https:\/\/psychologueorvault.fr\/wp-content\/uploads\/2022\/03\/chairs-g62c0dd82e_1920-300x200.jpg 300w, https:\/\/psychologueorvault.fr\/wp-content\/uploads\/2022\/03\/chairs-g62c0dd82e_1920-768x512.jpg 768w, https:\/\/psychologueorvault.fr\/wp-content\/uploads\/2022\/03\/chairs-g62c0dd82e_1920-1536x1025.jpg 1536w, https:\/\/psychologueorvault.fr\/wp-content\/uploads\/2022\/03\/chairs-g62c0dd82e_1920.jpg 1920w\" sizes=\"auto, (max-width: 1024px) 100vw, 1024px\" \/><\/figure>\n<\/div>\n<\/div>\n","protected":false},"excerpt":{"rendered":"<p>L&#8217;hypnose L&#8217;\u00e9tat de transe hypnotique est une activit\u00e9 naturelle du cerveau, dans laquelle il bascule plusieurs fois par jour. Au cours des trente derni\u00e8res ann\u00e9es, les recherches en neurosciences se sont pench\u00e9es sur les capacit\u00e9s d&#8217;imagination du cerveau. En \u00e9tat de transe (en sommeil ou en hypnose), celui-ci trouve des ressources pour accro\u00eetre ses capacit\u00e9s &hellip; <\/p>\n","protected":false},"author":1,"featured_media":0,"parent":0,"menu_order":0,"comment_status":"closed","ping_status":"closed","template":"","meta":{"footnotes":""},"class_list":["post-96","page","type-page","status-publish","hentry"],"_links":{"self":[{"href":"https:\/\/psychologueorvault.fr\/index.php?rest_route=\/wp\/v2\/pages\/96","targetHints":{"allow":["GET"]}}],"collection":[{"href":"https:\/\/psychologueorvault.fr\/index.php?rest_route=\/wp\/v2\/pages"}],"about":[{"href":"https:\/\/psychologueorvault.fr\/index.php?rest_route=\/wp\/v2\/types\/page"}],"author":[{"embeddable":true,"href":"https:\/\/psychologueorvault.fr\/index.php?rest_route=\/wp\/v2\/users\/1"}],"replies":[{"embeddable":true,"href":"https:\/\/psychologueorvault.fr\/index.php?rest_route=%2Fwp%2Fv2%2Fcomments&post=96"}],"version-history":[{"count":5,"href":"https:\/\/psychologueorvault.fr\/index.php?rest_route=\/wp\/v2\/pages\/96\/revisions"}],"predecessor-version":[{"id":218,"href":"https:\/\/psychologueorvault.fr\/index.php?rest_route=\/wp\/v2\/pages\/96\/revisions\/218"}],"wp:attachment":[{"href":"https:\/\/psychologueorvault.fr\/index.php?rest_route=%2Fwp%2Fv2%2Fmedia&parent=96"}],"curies":[{"name":"wp","href":"https:\/\/api.w.org\/{rel}","templated":true}]}}