{"id":7,"date":"2022-03-28T17:29:03","date_gmt":"2022-03-28T15:29:03","guid":{"rendered":"http:\/\/psychologueorvault.fr\/?page_id=7"},"modified":"2022-09-02T16:51:01","modified_gmt":"2022-09-02T14:51:01","slug":"contact","status":"publish","type":"page","link":"https:\/\/psychologueorvault.fr\/","title":{"rendered":""},"content":{"rendered":"\n<p class=\"has-vivid-cyan-blue-color has-text-color has-large-font-size\">Prendre rendez-vous<\/p>\n\n\n\n<p>Vous pouvez prendre rendez-vous en ligne directement sur Docorga:<\/p>\n\n\n\n<p><a href=\"https:\/\/docorga.com\/praticien\/5ea3e2c961ee0ab04252262c\">https:\/\/docorga.com\/praticien\/5ea3e2c961ee0ab04252262c<\/a><\/p>\n\n\n\n<p class=\"has-vivid-cyan-blue-color has-text-color has-large-font-size\">Comment me contacter?<\/p>\n\n\n\n<p>Pour plus d&#8217;informations ou pour prendre rendez-vous, vous pouvez me joindre \u00e0 tout moment: <\/p>\n\n\n\n<p>Par e-mail \u00e0: <\/p>\n\n\n\n<p><a href=\"mailto:mloarec@gmail.com\" target=\"_blank\" rel=\"noreferrer noopener\">mloarec@gmail.com<\/a><\/p>\n\n\n\n<p>Ou de 9h \u00e0 18h, du lundi au vendredi, par t\u00e9l\u00e9phone et SMS au : <\/p>\n\n\n\n<p>06.68.06.72.43<\/p>\n\n\n\n<p class=\"has-vivid-cyan-blue-color has-text-color has-large-font-size\">Comment me contacter par courrier ?<\/p>\n\n\n\n<p>Vous pouvez me contacter par courrier \u00e0 l&#8217;adresse postale suivante <\/p>\n\n\n\n<p>Mathilde Loarec Psychologue <\/p>\n\n\n\n<p>10 rue Charles Richet<\/p>\n\n\n\n<p>44700 Orvault<\/p>\n\n\n\n<p class=\"has-vivid-cyan-blue-color has-text-color has-large-font-size\">Comment se rendre au cabinet de consultation?<\/p>\n\n\n\n<ul class=\"wp-block-list\"><li>Vous pouvez vous rendre au cabinet en voiture, un parking gratuit est \u00e0 votre en face de l\u2019Eglise Sainte-Bernadette.<\/li><li>Vous pouvez emprunter la ligne de tramway 3 &#8211; Arr\u00eat Jean Rostand ou Bignon <\/li><\/ul>\n","protected":false},"excerpt":{"rendered":"<p>Prendre rendez-vous Vous pouvez prendre rendez-vous en ligne directement sur Docorga: https:\/\/docorga.com\/praticien\/5ea3e2c961ee0ab04252262c Comment me contacter? Pour plus d&#8217;informations ou pour prendre rendez-vous, vous pouvez me joindre \u00e0 tout moment: Par e-mail \u00e0: mloarec@gmail.com Ou de 9h \u00e0 18h, du lundi au vendredi, par t\u00e9l\u00e9phone et SMS au : 06.68.06.72.43 Comment me contacter par courrier ? &hellip; <\/p>\n","protected":false},"author":1,"featured_media":0,"parent":0,"menu_order":0,"comment_status":"closed","ping_status":"closed","template":"","meta":{"footnotes":""},"class_list":["post-7","page","type-page","status-publish","hentry"],"_links":{"self":[{"href":"https:\/\/psychologueorvault.fr\/index.php?rest_route=\/wp\/v2\/pages\/7","targetHints":{"allow":["GET"]}}],"collection":[{"href":"https:\/\/psychologueorvault.fr\/index.php?rest_route=\/wp\/v2\/pages"}],"about":[{"href":"https:\/\/psychologueorvault.fr\/index.php?rest_route=\/wp\/v2\/types\/page"}],"author":[{"embeddable":true,"href":"https:\/\/psychologueorvault.fr\/index.php?rest_route=\/wp\/v2\/users\/1"}],"replies":[{"embeddable":true,"href":"https:\/\/psychologueorvault.fr\/index.php?rest_route=%2Fwp%2Fv2%2Fcomments&post=7"}],"version-history":[{"count":7,"href":"https:\/\/psychologueorvault.fr\/index.php?rest_route=\/wp\/v2\/pages\/7\/revisions"}],"predecessor-version":[{"id":216,"href":"https:\/\/psychologueorvault.fr\/index.php?rest_route=\/wp\/v2\/pages\/7\/revisions\/216"}],"wp:attachment":[{"href":"https:\/\/psychologueorvault.fr\/index.php?rest_route=%2Fwp%2Fv2%2Fmedia&parent=7"}],"curies":[{"name":"wp","href":"https:\/\/api.w.org\/{rel}","templated":true}]}}