{"id":133,"date":"2022-03-31T17:25:36","date_gmt":"2022-03-31T15:25:36","guid":{"rendered":"http:\/\/psychologueorvault.fr\/?page_id=133"},"modified":"2022-04-27T16:39:05","modified_gmt":"2022-04-27T14:39:05","slug":"domaines-dintervention","status":"publish","type":"page","link":"https:\/\/psychologueorvault.fr\/?page_id=133","title":{"rendered":"Domaines d&#8217;intervention"},"content":{"rendered":"\n<p>Je prends en charge de nombreux th\u00e8mes de consultation pour : <\/p>\n\n\n\n<ul class=\"wp-block-list\"><li>Les enfants \u00e0 partir de 6 ans (plus jeune, le travail s&#8217;effectue essentiellement avec les parents)<\/li><li>Les adolescents<\/li><li>Les adultes <\/li><li>Les familles<\/li><\/ul>\n\n\n\n<p>Une liste non exhaustive vous est pr\u00e9sent\u00e9e ci-dessous:<\/p>\n\n\n\n<div class=\"wp-block-columns is-layout-flex wp-container-core-columns-is-layout-9d6595d7 wp-block-columns-is-layout-flex\">\n<div class=\"wp-block-column is-layout-flow wp-block-column-is-layout-flow\">\n<figure class=\"wp-block-image size-large\"><img loading=\"lazy\" decoding=\"async\" width=\"1435\" height=\"1437\" src=\"https:\/\/psychologueorvault.fr\/wp-content\/uploads\/2022\/03\/baby-gfff81ba5b_1920-edited-1.jpg\" alt=\"\" class=\"wp-image-138\" srcset=\"https:\/\/psychologueorvault.fr\/wp-content\/uploads\/2022\/03\/baby-gfff81ba5b_1920-edited-1.jpg 1435w, https:\/\/psychologueorvault.fr\/wp-content\/uploads\/2022\/03\/baby-gfff81ba5b_1920-edited-1-300x300.jpg 300w, https:\/\/psychologueorvault.fr\/wp-content\/uploads\/2022\/03\/baby-gfff81ba5b_1920-edited-1-1024x1024.jpg 1024w, https:\/\/psychologueorvault.fr\/wp-content\/uploads\/2022\/03\/baby-gfff81ba5b_1920-edited-1-150x150.jpg 150w, https:\/\/psychologueorvault.fr\/wp-content\/uploads\/2022\/03\/baby-gfff81ba5b_1920-edited-1-768x769.jpg 768w\" sizes=\"auto, (max-width: 1435px) 100vw, 1435px\" \/><figcaption>Troubles du sommeil, cauchemars<\/figcaption><\/figure>\n<\/div>\n\n\n\n<div class=\"wp-block-column is-layout-flow wp-block-column-is-layout-flow\">\n<figure class=\"wp-block-image\"><img loading=\"lazy\" decoding=\"async\" width=\"1282\" height=\"1280\" src=\"https:\/\/psychologueorvault.fr\/wp-content\/uploads\/2022\/03\/desperate-g33d29912f_1920-edited.jpg\" alt=\"\" class=\"wp-image-139\" srcset=\"https:\/\/psychologueorvault.fr\/wp-content\/uploads\/2022\/03\/desperate-g33d29912f_1920-edited.jpg 1282w, https:\/\/psychologueorvault.fr\/wp-content\/uploads\/2022\/03\/desperate-g33d29912f_1920-edited-300x300.jpg 300w, https:\/\/psychologueorvault.fr\/wp-content\/uploads\/2022\/03\/desperate-g33d29912f_1920-edited-1024x1022.jpg 1024w, https:\/\/psychologueorvault.fr\/wp-content\/uploads\/2022\/03\/desperate-g33d29912f_1920-edited-150x150.jpg 150w, https:\/\/psychologueorvault.fr\/wp-content\/uploads\/2022\/03\/desperate-g33d29912f_1920-edited-768x767.jpg 768w\" sizes=\"auto, (max-width: 1282px) 100vw, 1282px\" \/><figcaption>Stress, anxi\u00e9t\u00e9, angoisse<\/figcaption><\/figure>\n<\/div>\n\n\n\n<div class=\"wp-block-column is-layout-flow wp-block-column-is-layout-flow\">\n<figure class=\"wp-block-image size-large is-resized\"><img loading=\"lazy\" decoding=\"async\" src=\"https:\/\/psychologueorvault.fr\/wp-content\/uploads\/2022\/03\/portrait-g0121485ce_1920-1-edited.jpg\" alt=\"\" class=\"wp-image-167\" width=\"307\" height=\"306\" srcset=\"https:\/\/psychologueorvault.fr\/wp-content\/uploads\/2022\/03\/portrait-g0121485ce_1920-1-edited.jpg 1080w, https:\/\/psychologueorvault.fr\/wp-content\/uploads\/2022\/03\/portrait-g0121485ce_1920-1-edited-300x300.jpg 300w, https:\/\/psychologueorvault.fr\/wp-content\/uploads\/2022\/03\/portrait-g0121485ce_1920-1-edited-1024x1022.jpg 1024w, https:\/\/psychologueorvault.fr\/wp-content\/uploads\/2022\/03\/portrait-g0121485ce_1920-1-edited-150x150.jpg 150w, https:\/\/psychologueorvault.fr\/wp-content\/uploads\/2022\/03\/portrait-g0121485ce_1920-1-edited-768x767.jpg 768w\" sizes=\"auto, (max-width: 307px) 100vw, 307px\" \/><figcaption>Traumatismes<\/figcaption><\/figure>\n<\/div>\n<\/div>\n\n\n\n<div class=\"wp-block-columns is-layout-flex wp-container-core-columns-is-layout-9d6595d7 wp-block-columns-is-layout-flex\">\n<div class=\"wp-block-column is-layout-flow wp-block-column-is-layout-flow\">\n<figure class=\"wp-block-image size-large\"><img loading=\"lazy\" decoding=\"async\" width=\"1276\" height=\"1279\" src=\"https:\/\/psychologueorvault.fr\/wp-content\/uploads\/2022\/03\/father-gf12679b9e_1920-edited.jpg\" alt=\"\" class=\"wp-image-146\" srcset=\"https:\/\/psychologueorvault.fr\/wp-content\/uploads\/2022\/03\/father-gf12679b9e_1920-edited.jpg 1276w, https:\/\/psychologueorvault.fr\/wp-content\/uploads\/2022\/03\/father-gf12679b9e_1920-edited-300x300.jpg 300w, https:\/\/psychologueorvault.fr\/wp-content\/uploads\/2022\/03\/father-gf12679b9e_1920-edited-1022x1024.jpg 1022w, https:\/\/psychologueorvault.fr\/wp-content\/uploads\/2022\/03\/father-gf12679b9e_1920-edited-150x150.jpg 150w, https:\/\/psychologueorvault.fr\/wp-content\/uploads\/2022\/03\/father-gf12679b9e_1920-edited-768x770.jpg 768w\" sizes=\"auto, (max-width: 1276px) 100vw, 1276px\" \/><figcaption>Accompagnement p\u00e9rinatalit\u00e9, \u00e9puisement parental<\/figcaption><\/figure>\n<\/div>\n\n\n\n<div class=\"wp-block-column is-layout-flow wp-block-column-is-layout-flow\">\n<figure class=\"wp-block-image size-large\"><img loading=\"lazy\" decoding=\"async\" width=\"1268\" height=\"1271\" src=\"https:\/\/psychologueorvault.fr\/wp-content\/uploads\/2022\/03\/heartsickness-gf77c2da32_1920-edited-1.jpg\" alt=\"\" class=\"wp-image-149\" srcset=\"https:\/\/psychologueorvault.fr\/wp-content\/uploads\/2022\/03\/heartsickness-gf77c2da32_1920-edited-1.jpg 1268w, https:\/\/psychologueorvault.fr\/wp-content\/uploads\/2022\/03\/heartsickness-gf77c2da32_1920-edited-1-300x300.jpg 300w, https:\/\/psychologueorvault.fr\/wp-content\/uploads\/2022\/03\/heartsickness-gf77c2da32_1920-edited-1-1022x1024.jpg 1022w, https:\/\/psychologueorvault.fr\/wp-content\/uploads\/2022\/03\/heartsickness-gf77c2da32_1920-edited-1-150x150.jpg 150w, https:\/\/psychologueorvault.fr\/wp-content\/uploads\/2022\/03\/heartsickness-gf77c2da32_1920-edited-1-768x770.jpg 768w\" sizes=\"auto, (max-width: 1268px) 100vw, 1268px\" \/><figcaption>Relations amoureuses <\/figcaption><\/figure>\n<\/div>\n\n\n\n<div class=\"wp-block-column is-layout-flow wp-block-column-is-layout-flow\">\n<figure class=\"wp-block-image size-large\"><img loading=\"lazy\" decoding=\"async\" width=\"1281\" height=\"1279\" src=\"https:\/\/psychologueorvault.fr\/wp-content\/uploads\/2022\/03\/woman-g613b16cb1_1920-edited.jpg\" alt=\"\" class=\"wp-image-151\" srcset=\"https:\/\/psychologueorvault.fr\/wp-content\/uploads\/2022\/03\/woman-g613b16cb1_1920-edited.jpg 1281w, https:\/\/psychologueorvault.fr\/wp-content\/uploads\/2022\/03\/woman-g613b16cb1_1920-edited-300x300.jpg 300w, https:\/\/psychologueorvault.fr\/wp-content\/uploads\/2022\/03\/woman-g613b16cb1_1920-edited-1024x1022.jpg 1024w, https:\/\/psychologueorvault.fr\/wp-content\/uploads\/2022\/03\/woman-g613b16cb1_1920-edited-150x150.jpg 150w, https:\/\/psychologueorvault.fr\/wp-content\/uploads\/2022\/03\/woman-g613b16cb1_1920-edited-768x767.jpg 768w\" sizes=\"auto, (max-width: 1281px) 100vw, 1281px\" \/><figcaption>\u00c9ducation, Guidance parentale, conflits familiaux<\/figcaption><\/figure>\n<\/div>\n<\/div>\n\n\n\n<div class=\"wp-block-columns is-layout-flex wp-container-core-columns-is-layout-9d6595d7 wp-block-columns-is-layout-flex\">\n<div class=\"wp-block-column is-layout-flow wp-block-column-is-layout-flow\">\n<figure class=\"wp-block-image size-large\"><img loading=\"lazy\" decoding=\"async\" width=\"1229\" height=\"1228\" src=\"https:\/\/psychologueorvault.fr\/wp-content\/uploads\/2022\/03\/alone-g8745eb056_1920-edited-1.jpg\" alt=\"\" class=\"wp-image-155\" srcset=\"https:\/\/psychologueorvault.fr\/wp-content\/uploads\/2022\/03\/alone-g8745eb056_1920-edited-1.jpg 1229w, https:\/\/psychologueorvault.fr\/wp-content\/uploads\/2022\/03\/alone-g8745eb056_1920-edited-1-300x300.jpg 300w, https:\/\/psychologueorvault.fr\/wp-content\/uploads\/2022\/03\/alone-g8745eb056_1920-edited-1-1024x1024.jpg 1024w, https:\/\/psychologueorvault.fr\/wp-content\/uploads\/2022\/03\/alone-g8745eb056_1920-edited-1-150x150.jpg 150w, https:\/\/psychologueorvault.fr\/wp-content\/uploads\/2022\/03\/alone-g8745eb056_1920-edited-1-768x767.jpg 768w\" sizes=\"auto, (max-width: 1229px) 100vw, 1229px\" \/><figcaption>\u00c9tats d\u00e9pressifs, solitude, deuils<\/figcaption><\/figure>\n<\/div>\n\n\n\n<div class=\"wp-block-column is-layout-flow wp-block-column-is-layout-flow\">\n<figure class=\"wp-block-image size-large\"><img loading=\"lazy\" decoding=\"async\" width=\"1281\" height=\"1279\" src=\"https:\/\/psychologueorvault.fr\/wp-content\/uploads\/2022\/03\/home-office-gcfd6128c6_1920-edited.jpg\" alt=\"\" class=\"wp-image-157\" srcset=\"https:\/\/psychologueorvault.fr\/wp-content\/uploads\/2022\/03\/home-office-gcfd6128c6_1920-edited.jpg 1281w, https:\/\/psychologueorvault.fr\/wp-content\/uploads\/2022\/03\/home-office-gcfd6128c6_1920-edited-300x300.jpg 300w, https:\/\/psychologueorvault.fr\/wp-content\/uploads\/2022\/03\/home-office-gcfd6128c6_1920-edited-1024x1022.jpg 1024w, https:\/\/psychologueorvault.fr\/wp-content\/uploads\/2022\/03\/home-office-gcfd6128c6_1920-edited-150x150.jpg 150w, https:\/\/psychologueorvault.fr\/wp-content\/uploads\/2022\/03\/home-office-gcfd6128c6_1920-edited-768x767.jpg 768w\" sizes=\"auto, (max-width: 1281px) 100vw, 1281px\" \/><figcaption>Burn-out, stress au travail<\/figcaption><\/figure>\n<\/div>\n\n\n\n<div class=\"wp-block-column is-layout-flow wp-block-column-is-layout-flow\">\n<figure class=\"wp-block-image size-large\"><img loading=\"lazy\" decoding=\"async\" width=\"1281\" height=\"1279\" src=\"https:\/\/psychologueorvault.fr\/wp-content\/uploads\/2022\/03\/woman-g9c0d99342_1920-edited.jpg\" alt=\"\" class=\"wp-image-159\" srcset=\"https:\/\/psychologueorvault.fr\/wp-content\/uploads\/2022\/03\/woman-g9c0d99342_1920-edited.jpg 1281w, https:\/\/psychologueorvault.fr\/wp-content\/uploads\/2022\/03\/woman-g9c0d99342_1920-edited-300x300.jpg 300w, https:\/\/psychologueorvault.fr\/wp-content\/uploads\/2022\/03\/woman-g9c0d99342_1920-edited-1024x1022.jpg 1024w, https:\/\/psychologueorvault.fr\/wp-content\/uploads\/2022\/03\/woman-g9c0d99342_1920-edited-150x150.jpg 150w, https:\/\/psychologueorvault.fr\/wp-content\/uploads\/2022\/03\/woman-g9c0d99342_1920-edited-768x767.jpg 768w\" sizes=\"auto, (max-width: 1281px) 100vw, 1281px\" \/><figcaption>Confiance en soi, affirmation<\/figcaption><\/figure>\n<\/div>\n<\/div>\n\n\n\n<div class=\"wp-block-columns is-layout-flex wp-container-core-columns-is-layout-9d6595d7 wp-block-columns-is-layout-flex\">\n<div class=\"wp-block-column is-layout-flow wp-block-column-is-layout-flow\">\n<figure class=\"wp-block-image size-large\"><img loading=\"lazy\" decoding=\"async\" width=\"1279\" height=\"1280\" src=\"https:\/\/psychologueorvault.fr\/wp-content\/uploads\/2022\/03\/child-gd75b36d73_1920-edited.jpg\" alt=\"\" class=\"wp-image-161\" srcset=\"https:\/\/psychologueorvault.fr\/wp-content\/uploads\/2022\/03\/child-gd75b36d73_1920-edited.jpg 1279w, https:\/\/psychologueorvault.fr\/wp-content\/uploads\/2022\/03\/child-gd75b36d73_1920-edited-300x300.jpg 300w, https:\/\/psychologueorvault.fr\/wp-content\/uploads\/2022\/03\/child-gd75b36d73_1920-edited-1024x1024.jpg 1024w, https:\/\/psychologueorvault.fr\/wp-content\/uploads\/2022\/03\/child-gd75b36d73_1920-edited-150x150.jpg 150w, https:\/\/psychologueorvault.fr\/wp-content\/uploads\/2022\/03\/child-gd75b36d73_1920-edited-768x769.jpg 768w\" sizes=\"auto, (max-width: 1279px) 100vw, 1279px\" \/><figcaption>Col\u00e8re, irritabilit\u00e9, harc\u00e8lement<\/figcaption><\/figure>\n<\/div>\n\n\n\n<div class=\"wp-block-column is-layout-flow wp-block-column-is-layout-flow\">\n<figure class=\"wp-block-image size-large\"><img loading=\"lazy\" decoding=\"async\" width=\"1281\" height=\"1279\" src=\"https:\/\/psychologueorvault.fr\/wp-content\/uploads\/2022\/03\/abstract-g22752dd75_1920-1-edited.jpg\" alt=\"\" class=\"wp-image-169\" srcset=\"https:\/\/psychologueorvault.fr\/wp-content\/uploads\/2022\/03\/abstract-g22752dd75_1920-1-edited.jpg 1281w, https:\/\/psychologueorvault.fr\/wp-content\/uploads\/2022\/03\/abstract-g22752dd75_1920-1-edited-300x300.jpg 300w, https:\/\/psychologueorvault.fr\/wp-content\/uploads\/2022\/03\/abstract-g22752dd75_1920-1-edited-1024x1022.jpg 1024w, https:\/\/psychologueorvault.fr\/wp-content\/uploads\/2022\/03\/abstract-g22752dd75_1920-1-edited-150x150.jpg 150w, https:\/\/psychologueorvault.fr\/wp-content\/uploads\/2022\/03\/abstract-g22752dd75_1920-1-edited-768x767.jpg 768w\" sizes=\"auto, (max-width: 1281px) 100vw, 1281px\" \/><figcaption>Interrogation de genre, sexualit\u00e9<\/figcaption><\/figure>\n<\/div>\n\n\n\n<div class=\"wp-block-column is-layout-flow wp-block-column-is-layout-flow\">\n<figure class=\"wp-block-image size-large\"><img loading=\"lazy\" decoding=\"async\" width=\"1281\" height=\"1279\" src=\"https:\/\/psychologueorvault.fr\/wp-content\/uploads\/2022\/03\/shaman-g957ba52f8_1920-edited.jpg\" alt=\"\" class=\"wp-image-171\" srcset=\"https:\/\/psychologueorvault.fr\/wp-content\/uploads\/2022\/03\/shaman-g957ba52f8_1920-edited.jpg 1281w, https:\/\/psychologueorvault.fr\/wp-content\/uploads\/2022\/03\/shaman-g957ba52f8_1920-edited-300x300.jpg 300w, https:\/\/psychologueorvault.fr\/wp-content\/uploads\/2022\/03\/shaman-g957ba52f8_1920-edited-1024x1022.jpg 1024w, https:\/\/psychologueorvault.fr\/wp-content\/uploads\/2022\/03\/shaman-g957ba52f8_1920-edited-150x150.jpg 150w, https:\/\/psychologueorvault.fr\/wp-content\/uploads\/2022\/03\/shaman-g957ba52f8_1920-edited-768x767.jpg 768w\" sizes=\"auto, (max-width: 1281px) 100vw, 1281px\" \/><figcaption>Prendre soin de soi<\/figcaption><\/figure>\n<\/div>\n<\/div>\n","protected":false},"excerpt":{"rendered":"<p>Je prends en charge de nombreux th\u00e8mes de consultation pour : Les enfants \u00e0 partir de 6 ans (plus jeune, le travail s&#8217;effectue essentiellement avec les parents) Les adolescents Les adultes Les familles Une liste non exhaustive vous est pr\u00e9sent\u00e9e ci-dessous:<\/p>\n","protected":false},"author":1,"featured_media":0,"parent":0,"menu_order":0,"comment_status":"closed","ping_status":"closed","template":"","meta":{"footnotes":""},"class_list":["post-133","page","type-page","status-publish","hentry"],"_links":{"self":[{"href":"https:\/\/psychologueorvault.fr\/index.php?rest_route=\/wp\/v2\/pages\/133","targetHints":{"allow":["GET"]}}],"collection":[{"href":"https:\/\/psychologueorvault.fr\/index.php?rest_route=\/wp\/v2\/pages"}],"about":[{"href":"https:\/\/psychologueorvault.fr\/index.php?rest_route=\/wp\/v2\/types\/page"}],"author":[{"embeddable":true,"href":"https:\/\/psychologueorvault.fr\/index.php?rest_route=\/wp\/v2\/users\/1"}],"replies":[{"embeddable":true,"href":"https:\/\/psychologueorvault.fr\/index.php?rest_route=%2Fwp%2Fv2%2Fcomments&post=133"}],"version-history":[{"count":8,"href":"https:\/\/psychologueorvault.fr\/index.php?rest_route=\/wp\/v2\/pages\/133\/revisions"}],"predecessor-version":[{"id":198,"href":"https:\/\/psychologueorvault.fr\/index.php?rest_route=\/wp\/v2\/pages\/133\/revisions\/198"}],"wp:attachment":[{"href":"https:\/\/psychologueorvault.fr\/index.php?rest_route=%2Fwp%2Fv2%2Fmedia&parent=133"}],"curies":[{"name":"wp","href":"https:\/\/api.w.org\/{rel}","templated":true}]}}