{"id":110,"date":"2022-03-31T16:01:14","date_gmt":"2022-03-31T14:01:14","guid":{"rendered":"http:\/\/psychologueorvault.fr\/?page_id=110"},"modified":"2022-03-31T19:07:40","modified_gmt":"2022-03-31T17:07:40","slug":"tarifs-et-modalites","status":"publish","type":"page","link":"https:\/\/psychologueorvault.fr\/?page_id=110","title":{"rendered":"Tarifs et modalit\u00e9s"},"content":{"rendered":"\n<p class=\"has-vivid-cyan-blue-color has-text-color has-large-font-size\">Th\u00e9rapies<\/p>\n\n\n\n<p>Le tarif de <strong>la consultation pour une s\u00e9ance d&#8217;une heure est de 65\u20ac<\/strong>.<\/p>\n\n\n\n<p>Les th\u00e9rapies br\u00e8ves sont g\u00e9n\u00e9ralement de courte dur\u00e9e. Le rythme et la dur\u00e9e du suivi sont \u00e9valu\u00e9es au cas par cas et discut\u00e9s avec chaque patient. Ils peuvent \u00eatre r\u00e9\u00e9valu\u00e9s au cours de la th\u00e9rapie en fonction de l&#8217;\u00e9volution et du souhait du patient.<\/p>\n\n\n\n<p class=\"has-vivid-cyan-blue-color has-text-color has-large-font-size\">Bilans <\/p>\n\n\n\n<p>Les bilans participent aux examens exploratoires d&#8217;une d\u00e9marche diagnostique. Ils permettent aux m\u00e9decins de se positionner sur l&#8217;existence d&#8217;un trouble et la mise en place de strat\u00e9gies th\u00e9rapeutiques. <\/p>\n\n\n\n<p><em>Le temps suppl\u00e9mentaire pass\u00e9 \u00e0 la cotation des \u00e9valuations, \u00e0 l\u2019analyse et \u00e0 l\u2019interpr\u00e9tation, \u00e0 la r\u00e9daction des comptes-rendus, ainsi que les prises de contact \u00e9ventuelles avec les professionnels et le personnel enseignant est <strong>compris dans le tarif indiqu\u00e9<\/strong>. <strong>Ces heures ne vous sont pas factur\u00e9es en plus, bien qu\u2019elles soient d\u00e9di\u00e9es \u00e0 l\u2019examen de votre dossier ou \u00e0 celui de votre enfant.<\/strong><br>Ce temps suppl\u00e9mentaire est compris <strong>entre 2 heures \u00e0 6 heures<\/strong><\/em> selon le type de bilan et les probl\u00e9matiques.<\/p>\n\n\n\n<p class=\"has-vivid-red-color has-text-color\"><strong>RAPPEL : Les bilans ne sont jamais rembours\u00e9s par la S\u00e9curit\u00e9 sociale, mais de plus en plus de mutuelles prennent en charge une partie des frais.<\/strong> Renseignez-vous aupr\u00e8s de votre compl\u00e9mentaire sant\u00e9<\/p>\n\n\n\n<div class=\"wp-block-columns alignwide is-layout-flex wp-container-core-columns-is-layout-9d6595d7 wp-block-columns-is-layout-flex\">\n<div class=\"wp-block-column has-text-color has-background has-link-color wp-elements-3911fdcc610bf5f000b3dc37366d52dd is-layout-flow wp-block-column-is-layout-flow\" style=\"background-color:#ffe97d;color:#000000;padding-top:2em;padding-right:2em;padding-bottom:2em;padding-left:2em\">\n<h2 class=\"wp-block-heading\" id=\"single\" style=\"font-size:40px\"><strong>Enfant<\/strong> <\/h2>\n\n\n\n<p class=\"has-small-font-size\"><em>De 6 \u00e0 16 ans et 11 mois<\/em><\/p>\n\n\n\n<p class=\"has-normal-font-size\" style=\"line-height:1.5\"><strong>Bilan de QI et \u00e9valuations neuropsychologiques<\/strong><\/p>\n\n\n\n<p class=\"has-small-font-size\"><em>4h de rendez-vous<\/em> <\/p>\n\n\n\n<p class=\"has-small-font-size\"><em>2 \u00e0 4h d&#8217;analyse et de r\u00e9daction<\/em><\/p>\n\n\n\n<hr class=\"wp-block-separator has-text-color has-background is-style-wide\" style=\"background-color:#000000;color:#000000\"\/>\n\n\n\n<ul class=\"has-normal-font-size wp-block-list\"><li>Une s\u00e9ance d&#8217;entretien d&#8217;investigation avec l&#8217;un ou les parents.<\/li><li>Une \u00e0 deux s\u00e9ances d&#8217;\u00e9valuations avec votre enfant.<\/li><li>Une s\u00e9ance de restitution des r\u00e9sultats avec la remise d&#8217;un compte-rendu \u00e9crit.<\/li><\/ul>\n\n\n\n<p style=\"font-size:15px\">Pr\u00e9conis\u00e9 pour : Le haut potentiel intellectuel, les troubles des apprentissages, les difficult\u00e9s attentionnelles, motrices ou langagi\u00e8res\u2026<\/p>\n\n\n\n<div class=\"wp-block-buttons alignfull is-horizontal is-content-justification-center is-layout-flex wp-container-core-buttons-is-layout-499968f5 wp-block-buttons-is-layout-flex\">\n<div class=\"wp-block-button\"><a class=\"wp-block-button__link has-white-color has-text-color\">300\u20ac*<\/a><\/div>\n<\/div>\n\n\n\n<p class=\"has-small-font-size\">*Pour ce bilan, il peut parfois \u00eatre n\u00e9cessaire de proposer, si besoin est, une s\u00e9ance de plus afin d\u2019avoir des \u00e9l\u00e9ments plus pr\u00e9cis. Cette s\u00e9ance suppl\u00e9mentaire et sa facturation n\u2019ont lieu qu\u2019apr\u00e8s votre accord.<\/p>\n<\/div>\n\n\n\n<div class=\"wp-block-column has-text-color has-background has-link-color wp-elements-2417d54d62663d023c2613e19fcbe256 is-layout-flow wp-block-column-is-layout-flow\" style=\"background-color:#d1d1e1;color:#000000;padding-top:2em;padding-right:2em;padding-bottom:2em;padding-left:2em\">\n<h2 class=\"wp-block-heading\" id=\"family\" style=\"font-size:40px\"><strong>Adulte<\/strong><\/h2>\n\n\n\n<p class=\"has-small-font-size\"><em>A partir de 17 ans <\/em><\/p>\n\n\n\n<p class=\"has-normal-font-size\" style=\"line-height:1.5\"><strong>Bilan de QI et \u00e9valuations neuropsychologiques<\/strong><\/p>\n\n\n\n<p class=\"has-small-font-size\"><em>4h \u00e0 5h de rendez-vous<\/em> <\/p>\n\n\n\n<p class=\"has-small-font-size\"><em>2 \u00e0 4h d&#8217;analyse et de r\u00e9daction<\/em><\/p>\n\n\n\n<hr class=\"wp-block-separator has-text-color has-background has-black-background-color has-black-color is-style-wide\"\/>\n\n\n\n<ul class=\"has-normal-font-size wp-block-list\"><li>Une s\u00e9ance d&#8217;entretien d&#8217;investigation sur votre parcours et vos difficult\u00e9s.<\/li><li>Une \u00e9valuation compl\u00e8te des fonctions intellectuelles sur une ou plusieurs s\u00e9ances de tests.<\/li><li>Une s\u00e9ance de restitution des r\u00e9sultats avec la remise d&#8217;un compte-rendu \u00e9crit.<\/li><\/ul>\n\n\n\n<p style=\"font-size:15px\">Pr\u00e9conis\u00e9 pour : Le haut potentiel intellectuel, les bilans d&#8217;attention et concentration, les difficult\u00e9s psychologiques ou cognitives.<\/p>\n\n\n\n<div class=\"wp-block-buttons alignfull is-horizontal is-content-justification-center is-layout-flex wp-container-core-buttons-is-layout-499968f5 wp-block-buttons-is-layout-flex\">\n<div class=\"wp-block-button\"><a class=\"wp-block-button__link has-white-color has-text-color\">300\u20ac*<\/a><\/div>\n<\/div>\n\n\n\n<p class=\"has-small-font-size\">*Pour ce bilan, il peut parfois \u00eatre n\u00e9cessaire de proposer, si besoin est, une \u00e0 deux s\u00e9ances de plus afin d\u2019avoir des \u00e9l\u00e9ments plus pr\u00e9cis. Ces s\u00e9ances suppl\u00e9mentaires et leur facturation n\u2019ont lieu qu\u2019apr\u00e8s votre accord.<\/p>\n<\/div>\n<\/div>\n\n\n\n<div class=\"wp-block-columns is-layout-flex wp-container-core-columns-is-layout-9d6595d7 wp-block-columns-is-layout-flex\">\n<div class=\"wp-block-column has-pale-cyan-blue-background-color has-background is-layout-flow wp-block-column-is-layout-flow\">\n<p style=\"font-size:40px\"><strong>Tests disponibles au cabinet: <\/strong><\/p>\n\n\n\n<ul class=\"wp-block-list\"><li>\u00c9valuations cognitives: WISC-5, WAIS-4&#8230;<\/li><\/ul>\n\n\n\n<ul class=\"wp-block-list\"><li>\u00c9valuations attentionnelles: Tea-Ch, D2-R, DIVA-5&#8230;<\/li><\/ul>\n\n\n\n<ul class=\"wp-block-list\"><li>\u00c9valuations neuropsychologiques: NEPSY-2, CLEF-5, MEM-3&#8230;<\/li><\/ul>\n\n\n\n<ul class=\"wp-block-list\"><li>\u00c9valuations des comp\u00e9tences sociales: ADI-R, PECS-B, Vineland-2&#8230;<\/li><\/ul>\n<\/div>\n<\/div>\n\n\n\n<div class=\"wp-block-columns is-layout-flex wp-container-core-columns-is-layout-9d6595d7 wp-block-columns-is-layout-flex\"><\/div>\n\n\n\n<p class=\"has-vivid-cyan-blue-color has-text-color has-large-font-size\">Conditions<\/p>\n\n\n\n<p>Le r\u00e8glement des consultations se fait : <\/p>\n\n\n\n<ul class=\"wp-block-list\"><li>A la fin de chaque s\u00e9ance par esp\u00e8ce, ch\u00e8que, carte ou virement.<\/li><li>En trois fois au maximum lorsqu&#8217;il s&#8217;agit de bilans.<\/li><\/ul>\n\n\n\n<p class=\"has-vivid-red-color has-text-color\"><strong>Les bilans et les s\u00e9ances de th\u00e9rapie ne sont pas rembours\u00e9s par la s\u00e9curit\u00e9 sociale.<\/strong> N\u00e9anmoins, certaines mutuelles prennent en charge une partie ou m\u00eame l&#8217;int\u00e9gralit\u00e9 de votre prise en charge.<\/p>\n\n\n\n<p>Pour les patients ayant un dossier \u00e0 la MDPH, une prise en charge totale des consultations peut \u00eatre faite apr\u00e8s \u00e9tude de votre dossier par le conseil g\u00e9n\u00e9ral. <\/p>\n\n\n\n<p>Aucune prescription m\u00e9dicale de m\u00e9decin traitant n&#8217;est n\u00e9cessaire pour une consultation ou un bilan. <\/p>\n\n\n\n<p class=\"has-vivid-red-color has-text-color\"><strong>Toute s\u00e9ance non honor\u00e9e et non excus\u00e9e 48h \u00e0 l&#8217;avance est d\u00fbe.<\/strong><\/p>\n","protected":false},"excerpt":{"rendered":"<p>Th\u00e9rapies Le tarif de la consultation pour une s\u00e9ance d&#8217;une heure est de 65\u20ac. Les th\u00e9rapies br\u00e8ves sont g\u00e9n\u00e9ralement de courte dur\u00e9e. Le rythme et la dur\u00e9e du suivi sont \u00e9valu\u00e9es au cas par cas et discut\u00e9s avec chaque patient. Ils peuvent \u00eatre r\u00e9\u00e9valu\u00e9s au cours de la th\u00e9rapie en fonction de l&#8217;\u00e9volution et du &hellip; <\/p>\n","protected":false},"author":1,"featured_media":0,"parent":0,"menu_order":0,"comment_status":"closed","ping_status":"closed","template":"","meta":{"footnotes":""},"class_list":["post-110","page","type-page","status-publish","hentry"],"_links":{"self":[{"href":"https:\/\/psychologueorvault.fr\/index.php?rest_route=\/wp\/v2\/pages\/110","targetHints":{"allow":["GET"]}}],"collection":[{"href":"https:\/\/psychologueorvault.fr\/index.php?rest_route=\/wp\/v2\/pages"}],"about":[{"href":"https:\/\/psychologueorvault.fr\/index.php?rest_route=\/wp\/v2\/types\/page"}],"author":[{"embeddable":true,"href":"https:\/\/psychologueorvault.fr\/index.php?rest_route=\/wp\/v2\/users\/1"}],"replies":[{"embeddable":true,"href":"https:\/\/psychologueorvault.fr\/index.php?rest_route=%2Fwp%2Fv2%2Fcomments&post=110"}],"version-history":[{"count":13,"href":"https:\/\/psychologueorvault.fr\/index.php?rest_route=\/wp\/v2\/pages\/110\/revisions"}],"predecessor-version":[{"id":194,"href":"https:\/\/psychologueorvault.fr\/index.php?rest_route=\/wp\/v2\/pages\/110\/revisions\/194"}],"wp:attachment":[{"href":"https:\/\/psychologueorvault.fr\/index.php?rest_route=%2Fwp%2Fv2%2Fmedia&parent=110"}],"curies":[{"name":"wp","href":"https:\/\/api.w.org\/{rel}","templated":true}]}}